{"id":34,"date":"2026-02-18T00:00:31","date_gmt":"2026-02-17T23:00:31","guid":{"rendered":"http:\/\/montecarlo.edu.py\/?page_id=34"},"modified":"2026-02-20T01:05:03","modified_gmt":"2026-02-20T00:05:03","slug":"mision","status":"publish","type":"page","link":"https:\/\/montecarlo.edu.py\/?page_id=34","title":{"rendered":"Misi\u00f3n"},"content":{"rendered":"\t\t<div data-elementor-type=\"wp-page\" data-elementor-id=\"34\" class=\"elementor elementor-34\">\n\t\t\t\t<div class=\"elementor-element elementor-element-db30669 e-flex e-con-boxed e-con e-parent\" data-id=\"db30669\" data-element_type=\"container\" data-e-type=\"container\">\n\t\t\t\t\t<div class=\"e-con-inner\">\n\t\t\t\t<div class=\"elementor-element elementor-element-ad6dd09 elementor-widget elementor-widget-heading\" data-id=\"ad6dd09\" data-element_type=\"widget\" data-e-type=\"widget\" data-widget_type=\"heading.default\">\n\t\t\t\t\t<h2 class=\"elementor-heading-title elementor-size-default\">Nuestra misi\u00f3n<\/h2>\t\t\t\t<\/div>\n\t\t\t\t\t<\/div>\n\t\t\t\t<\/div>\n\t\t<div class=\"elementor-element elementor-element-116124e e-flex e-con-boxed e-con e-parent\" data-id=\"116124e\" data-element_type=\"container\" data-e-type=\"container\">\n\t\t\t\t\t<div class=\"e-con-inner\">\n\t\t\t\t<div class=\"elementor-element elementor-element-5e2d452 elementor-widget elementor-widget-text-editor\" data-id=\"5e2d452\" data-element_type=\"widget\" data-e-type=\"widget\" data-widget_type=\"text-editor.default\">\n\t\t\t\t\t\t\t\t\t<p>Generar, promover, difundir y preservar la ciencia, tecnolog\u00eda, medio ambiente y cultura, formando personas competentes y profesionales socialmente responsables para el desarrollo sustentable del pa\u00eds, educaci\u00f3n integral enfatizando en sus estudiantes principios y valores que garanticen la convivencia pac\u00edfica, desarrollo de las competencias acad\u00e9micas y profesionales para adaptarse y dar respuestas pertinentes a la necesidades y demanda de talento humano en el contexto de su \u00e1rea socio laboral.<\/p>\t\t\t\t\t\t\t\t<\/div>\n\t\t\t\t\t<\/div>\n\t\t\t\t<\/div>\n\t\t<div class=\"elementor-element elementor-element-fcbd51d e-flex e-con-boxed e-con e-parent\" data-id=\"fcbd51d\" data-element_type=\"container\" data-e-type=\"container\">\n\t\t\t\t\t<div class=\"e-con-inner\">\n\t\t\t\t<div class=\"elementor-element elementor-element-ba7cadb elementor-widget elementor-widget-heading\" data-id=\"ba7cadb\" data-element_type=\"widget\" data-e-type=\"widget\" data-widget_type=\"heading.default\">\n\t\t\t\t\t<h4 class=\"elementor-heading-title elementor-size-default\">visi\u00f3n<\/h4>\t\t\t\t<\/div>\n\t\t\t\t\t<\/div>\n\t\t\t\t<\/div>\n\t\t<div class=\"elementor-element elementor-element-39ab82f e-flex e-con-boxed e-con e-parent\" data-id=\"39ab82f\" data-element_type=\"container\" data-e-type=\"container\">\n\t\t\t\t\t<div class=\"e-con-inner\">\n\t\t\t\t<div class=\"elementor-element elementor-element-ae46506 elementor-widget elementor-widget-text-editor\" data-id=\"ae46506\" data-element_type=\"widget\" data-e-type=\"widget\" data-widget_type=\"text-editor.default\">\n\t\t\t\t\t\t\t\t\t<p>En a\u00f1o 2015 Ser una instituci\u00f3n, emprendedora y l\u00edder en su \u00e1rea acad\u00e9mica, que se destaque en su compromiso social, que incida en la construcci\u00f3n de una sociedad nacional eficiente, justa y sustentable mediante una gesti\u00f3n de calidad institucional orientada a intervenir en su entorno como agente de promoci\u00f3n e inclusi\u00f3n social, creando espacio y oportunidades de realizaci\u00f3n personal y social en observancia a los preceptos de la libertad, la justicia y la igualdad.<\/p>\t\t\t\t\t\t\t\t<\/div>\n\t\t\t\t\t<\/div>\n\t\t\t\t<\/div>\n\t\t\t\t<\/div>\n\t\t","protected":false},"excerpt":{"rendered":"<p>Nuestra misi\u00f3n Generar, promover, difundir y preservar la ciencia, tecnolog\u00eda, medio ambiente y cultura, formando personas competentes y profesionales socialmente responsables para el desarrollo sustentable del pa\u00eds, educaci\u00f3n integral enfatizando en sus estudiantes principios y valores que garanticen la convivencia pac\u00edfica, desarrollo de las competencias acad\u00e9micas y profesionales para adaptarse y dar respuestas pertinentes a<\/p>\n<div class=\"more-link\">\n\t\t\t\t <a href=\"https:\/\/montecarlo.edu.py\/?page_id=34\" class=\"theme-btn theme-btn-line hvr-bounce-to-right\">Leer m\u00e1s<\/a>\n\t\t\t<\/div>\n","protected":false},"author":1,"featured_media":0,"parent":0,"menu_order":0,"comment_status":"closed","ping_status":"closed","template":"","meta":{"footnotes":""},"class_list":["post-34","page","type-page","status-publish","hentry"],"_links":{"self":[{"href":"https:\/\/montecarlo.edu.py\/index.php?rest_route=\/wp\/v2\/pages\/34","targetHints":{"allow":["GET"]}}],"collection":[{"href":"https:\/\/montecarlo.edu.py\/index.php?rest_route=\/wp\/v2\/pages"}],"about":[{"href":"https:\/\/montecarlo.edu.py\/index.php?rest_route=\/wp\/v2\/types\/page"}],"author":[{"embeddable":true,"href":"https:\/\/montecarlo.edu.py\/index.php?rest_route=\/wp\/v2\/users\/1"}],"replies":[{"embeddable":true,"href":"https:\/\/montecarlo.edu.py\/index.php?rest_route=%2Fwp%2Fv2%2Fcomments&post=34"}],"version-history":[{"count":13,"href":"https:\/\/montecarlo.edu.py\/index.php?rest_route=\/wp\/v2\/pages\/34\/revisions"}],"predecessor-version":[{"id":149,"href":"https:\/\/montecarlo.edu.py\/index.php?rest_route=\/wp\/v2\/pages\/34\/revisions\/149"}],"wp:attachment":[{"href":"https:\/\/montecarlo.edu.py\/index.php?rest_route=%2Fwp%2Fv2%2Fmedia&parent=34"}],"curies":[{"name":"wp","href":"https:\/\/api.w.org\/{rel}","templated":true}]}}