{"id":38,"date":"2026-02-18T00:01:14","date_gmt":"2026-02-17T23:01:14","guid":{"rendered":"http:\/\/montecarlo.edu.py\/?page_id=38"},"modified":"2026-02-22T20:30:32","modified_gmt":"2026-02-22T19:30:32","slug":"clases","status":"publish","type":"page","link":"https:\/\/montecarlo.edu.py\/?page_id=38","title":{"rendered":"Clases"},"content":{"rendered":"\t\t<div data-elementor-type=\"wp-page\" data-elementor-id=\"38\" class=\"elementor elementor-38\">\n\t\t\t\t<div class=\"elementor-element elementor-element-378b403 e-flex e-con-boxed e-con e-parent\" data-id=\"378b403\" data-element_type=\"container\" data-e-type=\"container\">\n\t\t\t\t\t<div class=\"e-con-inner\">\n\t\t<div class=\"elementor-element elementor-element-5b702a4 e-con-full e-flex e-con e-child\" data-id=\"5b702a4\" data-element_type=\"container\" data-e-type=\"container\">\n\t\t\t\t<div class=\"elementor-element elementor-element-549d6cf elementor-widget elementor-widget-heading\" data-id=\"549d6cf\" data-element_type=\"widget\" data-e-type=\"widget\" data-widget_type=\"heading.default\">\n\t\t\t\t\t<h5 class=\"elementor-heading-title elementor-size-default\">ENTRENADOR DE GIMNASIO<\/h5>\t\t\t\t<\/div>\n\t\t<div class=\"elementor-element elementor-element-8db6bae e-con-full e-grid e-con e-child\" data-id=\"8db6bae\" data-element_type=\"container\" data-e-type=\"container\">\n\t\t\t\t<div class=\"elementor-element elementor-element-3d64179 elementor-widget elementor-widget-text-editor\" data-id=\"3d64179\" data-element_type=\"widget\" data-e-type=\"widget\" data-widget_type=\"text-editor.default\">\n\t\t\t\t\t\t\t\t\t<p><strong>TURNO MA\u00d1ANA<\/strong><br \/>D\u00eda: S\u00e1bados<br \/>De 8:00 hs a 12:00 hs.<\/p>\t\t\t\t\t\t\t\t<\/div>\n\t\t\t\t<div class=\"elementor-element elementor-element-7899d6d elementor-widget elementor-widget-text-editor\" data-id=\"7899d6d\" data-element_type=\"widget\" data-e-type=\"widget\" data-widget_type=\"text-editor.default\">\n\t\t\t\t\t\t\t\t\t<p><strong>TURNO TARDE<\/strong><br \/>D\u00eda: S\u00e1bados<br \/>De 14:00 hs a 18:00 hs.<\/p>\t\t\t\t\t\t\t\t<\/div>\n\t\t\t\t<div class=\"elementor-element elementor-element-ea7292f elementor-widget elementor-widget-text-editor\" data-id=\"ea7292f\" data-element_type=\"widget\" data-e-type=\"widget\" data-widget_type=\"text-editor.default\">\n\t\t\t\t\t\t\t\t\t<p><strong>INICIA:<\/strong><br \/>07 de Febrero del 2026<\/p>\t\t\t\t\t\t\t\t<\/div>\n\t\t\t\t<div class=\"elementor-element elementor-element-5371a1d elementor-widget elementor-widget-text-editor\" data-id=\"5371a1d\" data-element_type=\"widget\" data-e-type=\"widget\" data-widget_type=\"text-editor.default\">\n\t\t\t\t\t\t\t\t\t<p><strong>FINALIZA:<\/strong><br \/>19 de Diciembre del 2026<\/p>\t\t\t\t\t\t\t\t<\/div>\n\t\t\t\t<\/div>\n\t\t\t\t<\/div>\n\t\t<div class=\"elementor-element elementor-element-2508600 e-con-full e-flex e-con e-child\" data-id=\"2508600\" data-element_type=\"container\" data-e-type=\"container\">\n\t\t\t\t<div class=\"elementor-element elementor-element-01076da elementor-widget elementor-widget-heading\" data-id=\"01076da\" data-element_type=\"widget\" data-e-type=\"widget\" data-widget_type=\"heading.default\">\n\t\t\t\t\t<h5 class=\"elementor-heading-title elementor-size-default\">entrenamiento personalizado\n<\/h5>\t\t\t\t<\/div>\n\t\t<div class=\"elementor-element elementor-element-6b00413 e-con-full e-grid e-con e-child\" data-id=\"6b00413\" data-element_type=\"container\" data-e-type=\"container\">\n\t\t\t\t<div class=\"elementor-element elementor-element-2c02a89 elementor-widget elementor-widget-text-editor\" data-id=\"2c02a89\" data-element_type=\"widget\" data-e-type=\"widget\" data-widget_type=\"text-editor.default\">\n\t\t\t\t\t\t\t\t\t<p><strong>TURNO MA\u00d1ANA<\/strong><br \/>D\u00eda: S\u00e1bados<br \/>De 8:00 hs a 12:00 hs.<\/p>\t\t\t\t\t\t\t\t<\/div>\n\t\t\t\t<div class=\"elementor-element elementor-element-b4db8e0 elementor-widget elementor-widget-text-editor\" data-id=\"b4db8e0\" data-element_type=\"widget\" data-e-type=\"widget\" data-widget_type=\"text-editor.default\">\n\t\t\t\t\t\t\t\t\t<p><strong>TURNO TARDE<\/strong><br \/>D\u00eda: S\u00e1bados<br \/>De 14:00 hs a 18:00 hs.<\/p>\t\t\t\t\t\t\t\t<\/div>\n\t\t\t\t<div class=\"elementor-element elementor-element-46a72f8 elementor-widget elementor-widget-text-editor\" data-id=\"46a72f8\" data-element_type=\"widget\" data-e-type=\"widget\" data-widget_type=\"text-editor.default\">\n\t\t\t\t\t\t\t\t\t<p><strong>INICIA:<\/strong><br \/>07 de Febrero del 2026<\/p>\t\t\t\t\t\t\t\t<\/div>\n\t\t\t\t<div class=\"elementor-element elementor-element-26ef37b elementor-widget elementor-widget-text-editor\" data-id=\"26ef37b\" data-element_type=\"widget\" data-e-type=\"widget\" data-widget_type=\"text-editor.default\">\n\t\t\t\t\t\t\t\t\t<p><strong>FINALIZA:<\/strong><br \/>19 de Diciembre del 2026<\/p>\t\t\t\t\t\t\t\t<\/div>\n\t\t\t\t<\/div>\n\t\t\t\t<\/div>\n\t\t<div class=\"elementor-element elementor-element-9769347 e-con-full e-flex e-con e-child\" data-id=\"9769347\" data-element_type=\"container\" data-e-type=\"container\">\n\t\t\t\t<div class=\"elementor-element elementor-element-888081b elementor-widget elementor-widget-heading\" data-id=\"888081b\" data-element_type=\"widget\" data-e-type=\"widget\" data-widget_type=\"heading.default\">\n\t\t\t\t\t<h5 class=\"elementor-heading-title elementor-size-default\">PREPARACI\u00d3N F\u00cdSICA DEPORTIVA\u200b<\/h5>\t\t\t\t<\/div>\n\t\t<div class=\"elementor-element elementor-element-c0d01e3 e-con-full e-grid e-con e-child\" data-id=\"c0d01e3\" data-element_type=\"container\" data-e-type=\"container\">\n\t\t\t\t<div class=\"elementor-element elementor-element-6bb042e elementor-widget elementor-widget-text-editor\" data-id=\"6bb042e\" data-element_type=\"widget\" data-e-type=\"widget\" data-widget_type=\"text-editor.default\">\n\t\t\t\t\t\t\t\t\t<p><strong>TURNO 1<\/strong><br \/>D\u00eda: Jueves<br \/>De 8:00 hs a 12:00 hs.<\/p>\t\t\t\t\t\t\t\t<\/div>\n\t\t\t\t<div class=\"elementor-element elementor-element-b7d12a1 elementor-widget elementor-widget-text-editor\" data-id=\"b7d12a1\" data-element_type=\"widget\" data-e-type=\"widget\" data-widget_type=\"text-editor.default\">\n\t\t\t\t\t\t\t\t\t<p><strong>TURNO 2<\/strong><br \/>D\u00eda: S\u00e1bados<br \/>De 08:00 hs a 12:00 hs.<\/p>\t\t\t\t\t\t\t\t<\/div>\n\t\t\t\t<div class=\"elementor-element elementor-element-9785864 elementor-widget elementor-widget-text-editor\" data-id=\"9785864\" data-element_type=\"widget\" data-e-type=\"widget\" data-widget_type=\"text-editor.default\">\n\t\t\t\t\t\t\t\t\t<p><strong>DURACI\u00d3N:<\/strong><br \/>05 de Feb. del 2026 al\u00a017 de Dic. del 2026<\/p>\t\t\t\t\t\t\t\t<\/div>\n\t\t\t\t<div class=\"elementor-element elementor-element-526cd51 elementor-widget elementor-widget-text-editor\" data-id=\"526cd51\" data-element_type=\"widget\" data-e-type=\"widget\" data-widget_type=\"text-editor.default\">\n\t\t\t\t\t\t\t\t\t<p><strong>DURACI\u00d3N:<\/strong><br \/>07 de Feb. del 2026 al\u00a019 de Dic. del 2026<\/p>\t\t\t\t\t\t\t\t<\/div>\n\t\t\t\t<\/div>\n\t\t\t\t<\/div>\n\t\t<div class=\"elementor-element elementor-element-f20d02f e-con-full e-flex e-con e-child\" data-id=\"f20d02f\" data-element_type=\"container\" data-e-type=\"container\">\n\t\t\t\t<div class=\"elementor-element elementor-element-04fa69b elementor-widget elementor-widget-heading\" data-id=\"04fa69b\" data-element_type=\"widget\" data-e-type=\"widget\" data-widget_type=\"heading.default\">\n\t\t\t\t\t<h5 class=\"elementor-heading-title elementor-size-default\">ENTRENAMIENTO FUNCIONAL\u200b<\/h5>\t\t\t\t<\/div>\n\t\t<div class=\"elementor-element elementor-element-f193b08 e-con-full e-grid e-con e-child\" data-id=\"f193b08\" data-element_type=\"container\" data-e-type=\"container\">\n\t\t\t\t<div class=\"elementor-element elementor-element-b662ed0 elementor-widget elementor-widget-text-editor\" data-id=\"b662ed0\" data-element_type=\"widget\" data-e-type=\"widget\" data-widget_type=\"text-editor.default\">\n\t\t\t\t\t\t\t\t\t<p><strong>TURNO MA\u00d1ANA<\/strong><br \/>D\u00eda: S\u00e1bados<br \/>De 8:00 hs a 12:00 hs.<\/p>\t\t\t\t\t\t\t\t<\/div>\n\t\t\t\t<div class=\"elementor-element elementor-element-4c420f2 elementor-widget elementor-widget-text-editor\" data-id=\"4c420f2\" data-element_type=\"widget\" data-e-type=\"widget\" data-widget_type=\"text-editor.default\">\n\t\t\t\t\t\t\t\t\t<p><strong>TURNO TARDE<\/strong><br \/>D\u00eda: S\u00e1bados<br \/>De 14:00 hs a 18:00 hs.<\/p>\t\t\t\t\t\t\t\t<\/div>\n\t\t\t\t<div class=\"elementor-element elementor-element-4fb64de elementor-widget elementor-widget-text-editor\" data-id=\"4fb64de\" data-element_type=\"widget\" data-e-type=\"widget\" data-widget_type=\"text-editor.default\">\n\t\t\t\t\t\t\t\t\t<p><strong>INICIA:<\/strong><br \/>07 de Febrero del 2026<\/p>\t\t\t\t\t\t\t\t<\/div>\n\t\t\t\t<div class=\"elementor-element elementor-element-5633da9 elementor-widget elementor-widget-text-editor\" data-id=\"5633da9\" data-element_type=\"widget\" data-e-type=\"widget\" data-widget_type=\"text-editor.default\">\n\t\t\t\t\t\t\t\t\t<p><strong>FINALIZA:<\/strong><br \/>04 de Julio del 2026<\/p>\t\t\t\t\t\t\t\t<\/div>\n\t\t\t\t<\/div>\n\t\t\t\t<\/div>\n\t\t<div class=\"elementor-element elementor-element-aadae19 e-con-full e-flex e-con e-child\" data-id=\"aadae19\" data-element_type=\"container\" data-e-type=\"container\">\n\t\t\t\t<div class=\"elementor-element elementor-element-f32449b elementor-widget elementor-widget-heading\" data-id=\"f32449b\" data-element_type=\"widget\" data-e-type=\"widget\" data-widget_type=\"heading.default\">\n\t\t\t\t\t<h5 class=\"elementor-heading-title elementor-size-default\">NUTRICI\u00d3N DEPORTIVA\u200b<\/h5>\t\t\t\t<\/div>\n\t\t<div class=\"elementor-element elementor-element-2f36da0 e-con-full e-grid e-con e-child\" data-id=\"2f36da0\" data-element_type=\"container\" data-e-type=\"container\">\n\t\t\t\t<div class=\"elementor-element elementor-element-7ed12ae elementor-widget elementor-widget-text-editor\" data-id=\"7ed12ae\" data-element_type=\"widget\" data-e-type=\"widget\" data-widget_type=\"text-editor.default\">\n\t\t\t\t\t\t\t\t\t<p><strong>TURNO MA\u00d1ANA<\/strong><br \/>D\u00eda: S\u00e1bados<br \/>De 8:00 hs a 12:00 hs.<\/p>\t\t\t\t\t\t\t\t<\/div>\n\t\t\t\t<div class=\"elementor-element elementor-element-82dc87a elementor-widget elementor-widget-text-editor\" data-id=\"82dc87a\" data-element_type=\"widget\" data-e-type=\"widget\" data-widget_type=\"text-editor.default\">\n\t\t\t\t\t\t\t\t\t<p><strong>TURNO TARDE<\/strong><br \/>D\u00eda: S\u00e1bados<br \/>De 14:00 hs a 18:00 hs.<\/p>\t\t\t\t\t\t\t\t<\/div>\n\t\t\t\t<div class=\"elementor-element elementor-element-e0112e4 elementor-widget elementor-widget-text-editor\" data-id=\"e0112e4\" data-element_type=\"widget\" data-e-type=\"widget\" data-widget_type=\"text-editor.default\">\n\t\t\t\t\t\t\t\t\t<p><strong>INICIA:<\/strong><br \/>07 de Febrero del 2026<\/p>\t\t\t\t\t\t\t\t<\/div>\n\t\t\t\t<div class=\"elementor-element elementor-element-d40b2b1 elementor-widget elementor-widget-text-editor\" data-id=\"d40b2b1\" data-element_type=\"widget\" data-e-type=\"widget\" data-widget_type=\"text-editor.default\">\n\t\t\t\t\t\t\t\t\t<p><strong>FINALIZA:<\/strong><br \/>04 de Julio del 2026<\/p>\t\t\t\t\t\t\t\t<\/div>\n\t\t\t\t<\/div>\n\t\t\t\t<\/div>\n\t\t<div class=\"elementor-element elementor-element-8180e56 e-con-full e-flex e-con e-child\" data-id=\"8180e56\" data-element_type=\"container\" data-e-type=\"container\">\n\t\t\t\t<div class=\"elementor-element elementor-element-00fe0d6 elementor-widget elementor-widget-heading\" data-id=\"00fe0d6\" data-element_type=\"widget\" data-e-type=\"widget\" data-widget_type=\"heading.default\">\n\t\t\t\t\t<h5 class=\"elementor-heading-title elementor-size-default\">NUTRICI\u00d3N DEPORTIVA\u200b - ONLINE<\/h5>\t\t\t\t<\/div>\n\t\t<div class=\"elementor-element elementor-element-4466632 e-con-full e-grid e-con e-child\" data-id=\"4466632\" data-element_type=\"container\" data-e-type=\"container\">\n\t\t\t\t<div class=\"elementor-element elementor-element-47f417a elementor-widget elementor-widget-text-editor\" data-id=\"47f417a\" data-element_type=\"widget\" data-e-type=\"widget\" data-widget_type=\"text-editor.default\">\n\t\t\t\t\t\t\t\t\t<p><strong>DIA DE CLASE<\/strong><br \/>Jueves<\/p>\t\t\t\t\t\t\t\t<\/div>\n\t\t\t\t<div class=\"elementor-element elementor-element-e67c9f3 elementor-widget elementor-widget-text-editor\" data-id=\"e67c9f3\" data-element_type=\"widget\" data-e-type=\"widget\" data-widget_type=\"text-editor.default\">\n\t\t\t\t\t\t\t\t\t<p><strong>HORIARIO<\/strong><br \/>20:00 hs.<\/p>\t\t\t\t\t\t\t\t<\/div>\n\t\t\t\t<div class=\"elementor-element elementor-element-f0d8eee elementor-widget elementor-widget-text-editor\" data-id=\"f0d8eee\" data-element_type=\"widget\" data-e-type=\"widget\" data-widget_type=\"text-editor.default\">\n\t\t\t\t\t\t\t\t\t<p><strong>INICIA:<\/strong><br \/>05 de Marzo del 2026<\/p>\t\t\t\t\t\t\t\t<\/div>\n\t\t\t\t<div class=\"elementor-element elementor-element-a9af82c elementor-widget elementor-widget-text-editor\" data-id=\"a9af82c\" data-element_type=\"widget\" data-e-type=\"widget\" data-widget_type=\"text-editor.default\">\n\t\t\t\t\t\t\t\t\t<p><strong>FINALIZA:<\/strong><br \/>23 de Julio del 2026<\/p>\t\t\t\t\t\t\t\t<\/div>\n\t\t\t\t<\/div>\n\t\t\t\t<\/div>\n\t\t\t\t\t<\/div>\n\t\t\t\t<\/div>\n\t\t\t\t<\/div>\n\t\t","protected":false},"excerpt":{"rendered":"<p>ENTRENADOR DE GIMNASIO TURNO MA\u00d1ANAD\u00eda: S\u00e1badosDe 8:00 hs a 12:00 hs. TURNO TARDED\u00eda: S\u00e1badosDe 14:00 hs a 18:00 hs. INICIA:07 de Febrero del 2026 FINALIZA:19 de Diciembre del 2026 entrenamiento personalizado TURNO MA\u00d1ANAD\u00eda: S\u00e1badosDe 8:00 hs a 12:00 hs. TURNO TARDED\u00eda: S\u00e1badosDe 14:00 hs a 18:00 hs. INICIA:07 de Febrero del 2026 FINALIZA:19 de Diciembre<\/p>\n<div class=\"more-link\">\n\t\t\t\t <a href=\"https:\/\/montecarlo.edu.py\/?page_id=38\" class=\"theme-btn theme-btn-line hvr-bounce-to-right\">Leer m\u00e1s<\/a>\n\t\t\t<\/div>\n","protected":false},"author":1,"featured_media":0,"parent":0,"menu_order":0,"comment_status":"closed","ping_status":"closed","template":"","meta":{"footnotes":""},"class_list":["post-38","page","type-page","status-publish","hentry"],"_links":{"self":[{"href":"https:\/\/montecarlo.edu.py\/index.php?rest_route=\/wp\/v2\/pages\/38","targetHints":{"allow":["GET"]}}],"collection":[{"href":"https:\/\/montecarlo.edu.py\/index.php?rest_route=\/wp\/v2\/pages"}],"about":[{"href":"https:\/\/montecarlo.edu.py\/index.php?rest_route=\/wp\/v2\/types\/page"}],"author":[{"embeddable":true,"href":"https:\/\/montecarlo.edu.py\/index.php?rest_route=\/wp\/v2\/users\/1"}],"replies":[{"embeddable":true,"href":"https:\/\/montecarlo.edu.py\/index.php?rest_route=%2Fwp%2Fv2%2Fcomments&post=38"}],"version-history":[{"count":4,"href":"https:\/\/montecarlo.edu.py\/index.php?rest_route=\/wp\/v2\/pages\/38\/revisions"}],"predecessor-version":[{"id":306,"href":"https:\/\/montecarlo.edu.py\/index.php?rest_route=\/wp\/v2\/pages\/38\/revisions\/306"}],"wp:attachment":[{"href":"https:\/\/montecarlo.edu.py\/index.php?rest_route=%2Fwp%2Fv2%2Fmedia&parent=38"}],"curies":[{"name":"wp","href":"https:\/\/api.w.org\/{rel}","templated":true}]}}